{"id":62,"date":"2019-05-13T20:22:08","date_gmt":"2019-05-13T18:22:08","guid":{"rendered":"http:\/\/www.kunstknoten.at\/?page_id=62"},"modified":"2019-05-18T12:14:40","modified_gmt":"2019-05-18T10:14:40","slug":"kunstknoten-das-fest","status":"publish","type":"page","link":"https:\/\/www.kunstknoten.at\/index.php\/kunstknoten-das-fest\/","title":{"rendered":"KunstKnoten &#8211; Das Fest"},"content":{"rendered":"\n<div class=\"wp-block-image\"><figure class=\"alignleft is-resized\"><img loading=\"lazy\" src=\"http:\/\/www.kunstknoten.at\/wp-content\/uploads\/2019\/05\/Logo-Das-Fest_600dpi-e1557757905262-1024x1013.jpg\" alt=\"\" class=\"wp-image-63\" width=\"302\" height=\"299\" srcset=\"https:\/\/www.kunstknoten.at\/wp-content\/uploads\/2019\/05\/Logo-Das-Fest_600dpi-e1557757905262-1024x1013.jpg 1024w, https:\/\/www.kunstknoten.at\/wp-content\/uploads\/2019\/05\/Logo-Das-Fest_600dpi-e1557757905262-150x150.jpg 150w, https:\/\/www.kunstknoten.at\/wp-content\/uploads\/2019\/05\/Logo-Das-Fest_600dpi-e1557757905262-300x297.jpg 300w, https:\/\/www.kunstknoten.at\/wp-content\/uploads\/2019\/05\/Logo-Das-Fest_600dpi-e1557757905262-768x760.jpg 768w\" sizes=\"(max-width: 302px) 100vw, 302px\" \/><\/figure><\/div>\n\n\n\n<p style=\"background-color:#6000a3;font-size:37px;text-align:right\" class=\"has-text-color has-background has-very-light-gray-color\"><br><strong>anschauen<br>zuschauen<br>mitmachen<\/strong><\/p>\n\n\n\n<p style=\"text-align:right\"><strong>12. bis 14. Juli 2019<\/strong><\/p>\n\n\n\n<p style=\"text-align:right\" class=\"has-text-color has-large-font-size has-vivid-red-color\"><br><strong>Eintritt frei!<\/strong> <\/p>\n\n\n\n<p style=\"text-align:right\" class=\"has-large-font-size\"><strong>Kunst &amp;<br>Kunsthandwerk<\/strong><\/p>\n\n\n\n<h3 style=\"text-align:center\"><br><strong>Die Kunstschaffenden: <\/strong><\/h3>\n\n\n\n<p style=\"text-align:center\"> Walter BILEK, Manfred B\u00d6LDERL, Beate DRAPELA, <br>Thomas DUNGL, Franz &amp; Eva EHRL, Fritz &amp; Adrian FLEISCHER, Johann GUTKAUF,Birgit &amp; Markus HEIDEGGER, Bettina HORTENCE, <br>KELT-Josef GRAF, Thomas MANN, Ingrid MARGREITER, <br>Johannes MARGREITER, Nada NADJ, Florian PR\u00dcNSTER, <br>Bettina REITNER, Antje SCHMIDT, <br>Siegfried SCHNEIDER, Gabriele SIMIC, Margot SIPPL,<br>Franz SPITZER &amp; Ditha ZEHETMAYER-OERTL<\/p>\n\n\n\n<h3 style=\"text-align:center\"><br><strong>Rahmenprogramm:<\/strong> <\/h3>\n\n\n\n<div class=\"wp-block-image\"><figure class=\"alignleft is-resized\"><img loading=\"lazy\" src=\"http:\/\/www.kunstknoten.at\/wp-content\/uploads\/2019\/05\/DSC_0021-1024x685.jpg\" alt=\"\" class=\"wp-image-64\" width=\"290\" height=\"193\" srcset=\"https:\/\/www.kunstknoten.at\/wp-content\/uploads\/2019\/05\/DSC_0021-1024x685.jpg 1024w, https:\/\/www.kunstknoten.at\/wp-content\/uploads\/2019\/05\/DSC_0021-300x201.jpg 300w, https:\/\/www.kunstknoten.at\/wp-content\/uploads\/2019\/05\/DSC_0021-768x514.jpg 768w\" sizes=\"(max-width: 290px) 100vw, 290px\" \/><\/figure><\/div>\n\n\n\n<p style=\"text-align:left\"><strong>Freitag:<\/strong> <br>Der Drache Laidir Laoch kreiert von Metallk\u00fcnstler <a rel=\"noreferrer noopener\" aria-label=\"KELT-Josef GRAF (\u00f6ffnet in neuem Tab)\" href=\"http:\/\/www.art-work.co.at\/?cmt-management-team=kelt-josef-graf\" target=\"_blank\">KELT-Josef GRAF<\/a> wird \u00fcber den K\u00f6pfen des Publikums Feuer speien,<br> <br><br><br><br>Weinverkostung: Weingut <a href=\"http:\/\/www.weingut-zoehrer.at\/index2.html\" target=\"_blank\" rel=\"noreferrer noopener\" aria-label=\"Manfred Z\u00d6HRER (\u00f6ffnet in neuem Tab)\">Manfred Z\u00d6HRER<\/a>,<br> ab 19:00 Musik mit Janne KLIGL<br><br> <strong>Samstag:<\/strong> <br>Malen mit Kindern und Jugendlichen,<br> Festreden und Blasmusik mit dem Musikverein Pernersdorf,<br> Weinverkostung \u201cAUFBL\u00dcHENDES PULKAUTAL\u201d,<br> ab 19:30 Musik mit Wolf &amp; the gang<br><br> <strong>Sonntag:<\/strong> <br>Fr\u00fchschoppen mit Gratiswurscht<br>Weinverkostung mit den Weing\u00fctern BAYER, HIRSCH &amp; SCH\u00c4FER <\/p>\n\n\n\n<p><\/p>\n\n\n\n<div class=\"wp-block-image\"><figure class=\"alignright is-resized\"><img loading=\"lazy\" src=\"http:\/\/www.kunstknoten.at\/wp-content\/uploads\/2019\/05\/ART-WORK_News-Letter_Titel_Facebook-724x1024.jpg\" alt=\"\" class=\"wp-image-136\" width=\"91\" height=\"129\" srcset=\"https:\/\/www.kunstknoten.at\/wp-content\/uploads\/2019\/05\/ART-WORK_News-Letter_Titel_Facebook-724x1024.jpg 724w, https:\/\/www.kunstknoten.at\/wp-content\/uploads\/2019\/05\/ART-WORK_News-Letter_Titel_Facebook-212x300.jpg 212w, https:\/\/www.kunstknoten.at\/wp-content\/uploads\/2019\/05\/ART-WORK_News-Letter_Titel_Facebook-768x1086.jpg 768w\" sizes=\"(max-width: 91px) 100vw, 91px\" \/><figcaption>Art-Work News-Letter 6<\/figcaption><\/figure><\/div>\n\n\n\n<p class=\"has-medium-font-size\">Bericht im ART-WORK -News-Letter zum downloaden: <a rel=\"noreferrer noopener\" aria-label=\"hier (\u00f6ffnet in neuem Tab)\" href=\"http:\/\/www.art-work.co.at\/wp-content\/uploads\/2019\/05\/News-Letter-6_19_04_24_a.pdf\" target=\"_blank\">hier<\/a><\/p>\n\n\n\n<p><\/p>\n\n\n\n<pre class=\"wp-block-preformatted\"><br><br><br><\/pre>\n\n\n\n<p>Die Veranstaltung wird in Kooperation mit <a rel=\"noreferrer noopener\" aria-label=\"ART-WORK Kunst &amp; Design (\u00f6ffnet in neuem Tab)\" href=\"http:\/\/www.art-work.co.at\/\" target=\"_blank\">ART-WORK Kunst &amp; Design<\/a> ausgerichtet!<\/p>\n\n\n\n<div class=\"wp-block-image\"><figure class=\"aligncenter is-resized\"><img loading=\"lazy\" src=\"http:\/\/www.kunstknoten.at\/wp-content\/uploads\/2019\/05\/Logo-Facebook-1024x512.jpg\" alt=\"\" class=\"wp-image-76\" width=\"175\" height=\"88\" srcset=\"https:\/\/www.kunstknoten.at\/wp-content\/uploads\/2019\/05\/Logo-Facebook-1024x512.jpg 1024w, https:\/\/www.kunstknoten.at\/wp-content\/uploads\/2019\/05\/Logo-Facebook-300x150.jpg 300w, https:\/\/www.kunstknoten.at\/wp-content\/uploads\/2019\/05\/Logo-Facebook-768x384.jpg 768w, https:\/\/www.kunstknoten.at\/wp-content\/uploads\/2019\/05\/Logo-Facebook.jpg 1181w\" sizes=\"(max-width: 175px) 100vw, 175px\" \/><\/figure><\/div>\n","protected":false},"excerpt":{"rendered":"<p>anschauenzuschauenmitmachen 12. bis 14. Juli 2019 Eintritt frei! Kunst &amp;Kunsthandwerk Die Kunstschaffenden: Walter BILEK, Manfred B\u00d6LDERL, Beate DRAPELA, Thomas DUNGL, Franz &amp; Eva EHRL, Fritz &amp; Adrian FLEISCHER, Johann GUTKAUF,Birgit &amp; Markus HEIDEGGER, Bettina HORTENCE, KELT-Josef GRAF, Thomas MANN, Ingrid MARGREITER, Johannes MARGREITER, Nada NADJ, Florian PR\u00dcNSTER, Bettina REITNER, Antje SCHMIDT, Siegfried SCHNEIDER, Gabriele SIMIC, &hellip; <a href=\"https:\/\/www.kunstknoten.at\/index.php\/kunstknoten-das-fest\/\" class=\"more-link\"><span class=\"screen-reader-text\">KunstKnoten &#8211; Das Fest<\/span> weiterlesen <span class=\"meta-nav\">&rarr;<\/span><\/a><\/p>\n","protected":false},"author":1,"featured_media":0,"parent":0,"menu_order":0,"comment_status":"closed","ping_status":"closed","template":"","meta":[],"_links":{"self":[{"href":"https:\/\/www.kunstknoten.at\/index.php\/wp-json\/wp\/v2\/pages\/62"}],"collection":[{"href":"https:\/\/www.kunstknoten.at\/index.php\/wp-json\/wp\/v2\/pages"}],"about":[{"href":"https:\/\/www.kunstknoten.at\/index.php\/wp-json\/wp\/v2\/types\/page"}],"author":[{"embeddable":true,"href":"https:\/\/www.kunstknoten.at\/index.php\/wp-json\/wp\/v2\/users\/1"}],"replies":[{"embeddable":true,"href":"https:\/\/www.kunstknoten.at\/index.php\/wp-json\/wp\/v2\/comments?post=62"}],"version-history":[{"count":15,"href":"https:\/\/www.kunstknoten.at\/index.php\/wp-json\/wp\/v2\/pages\/62\/revisions"}],"predecessor-version":[{"id":144,"href":"https:\/\/www.kunstknoten.at\/index.php\/wp-json\/wp\/v2\/pages\/62\/revisions\/144"}],"wp:attachment":[{"href":"https:\/\/www.kunstknoten.at\/index.php\/wp-json\/wp\/v2\/media?parent=62"}],"curies":[{"name":"wp","href":"https:\/\/api.w.org\/{rel}","templated":true}]}}